{"id":41209,"date":"2025-12-13T17:13:59","date_gmt":"2025-12-13T16:13:59","guid":{"rendered":"https:\/\/25000miles.eu\/?post_type=product&#038;p=41209"},"modified":"2025-12-28T11:58:22","modified_gmt":"2025-12-28T10:58:22","slug":"venev-siliziumkarbid-serie-6-f46","status":"publish","type":"product","link":"https:\/\/25000miles.eu\/de\/produkt\/venev-siliziumkarbid-serie-6-f46\/","title":{"rendered":"Venev Siliziumkarbid Serie 6&#8243; (F46)"},"content":{"rendered":"<p>Unser Gesch\u00e4ft ist der offizielle Vertriebspartner von &#8220;Venev Industrial Diamonds&#8221;. Aufgrund ihrer hohen Leistung und Haltbarkeit bieten diese Schleifmittel ein ausgezeichnetes Preis-Leistungs-Verh\u00e4ltnis. Die Wahl der richtigen K\u00f6rnung sorgt f\u00fcr ein hervorragendes, m\u00fcheloses Ergebnis, egal ob Reparatur, Nachsch\u00e4rfen oder Polieren. <\/p>\n<p>Siliziumkarbid-Schleifstein zur Reparatur und Formung von Schneiden.<\/p>\n<p>Eine g\u00fcnstige Linie aus Steinen aus der Venev-Diamantenfabrik. Dieser Siliziumkarbid-Schleifstein ist eine ideale Wahl f\u00fcr diejenigen, die Qualit\u00e4t zu einem angemessenen Preis sch\u00e4tzen. Dieses g\u00fcnstige Angebot eines weltweit renommierten Herstellers wird mit seinen Ausstattungsmerkmalen begeistern:  <\/p>\n<p>Die Basis f\u00fcr die Schleifschicht ist ein <strong>Kunststoffrohstoff<\/strong>. Das erm\u00f6glicht es, den Stein sicher in den meisten Schleifsystemen der Welt zu montieren. Die Dicke der Arbeitsschleifschicht von <strong>3 mm<\/strong> gew\u00e4hrleistet ihre Haltbarkeit.  <\/p>\n<p>Die organische Bindung garantiert eine zuverl\u00e4ssige Getreidebindung und gleichm\u00e4\u00dfiges Mahlen. Gleichzeitig macht das Gewicht von nur 80 Gramm die Arbeit einfach und bequem. Perfekt f\u00fcr sowohl Profis als auch Hobbyisten!  <\/p>\n<p>Wasser- oder Seifenl\u00f6sung wird zur Schmierung und K\u00fchlung w\u00e4hrend der Nutzung empfohlen.<\/p>\n<h3>H\u00e4ufig gestellte Fragen:<\/h3>\n<h4>Welche Fl\u00fcssigkeit sollte man verwenden?<\/h4>\n<p>Diese Steine eignen sich gut mit vielen Fl\u00fcssigkeiten:<\/p>\n<p>1. Du kannst eine Wasser- oder Seifenwasserl\u00f6sung verwenden (zum Beispiel mit Fairy).<\/p>\n<h4>Wie stehen die Zahlen auf dem Stein: F46, F60&#8230;.. F2000 bedeuten?<\/h4>\n<p>Die Steine werden von der Fabrik gem\u00e4\u00df dem FEPA-F-System gekennzeichnet. Wenn du sie mit anderen Schleifmitteln vergleichen musst, verwende hier die Korngr\u00f6\u00dfentabelle in der interaktiven <strong><span class=\"grit-popup-click\" style=\"color: var(--primary); cursor: pointer;\">Tabelle<\/span><\/strong>. <\/p>\n<h4>F\u00fcr welche Systeme sind sie geeignet?<\/h4>\n<p>Wegen der speziellen Kunststoffbasis \u2013 die meisten Systeme. TSPROF (alle Modelle), Apex, Edge PRO, Kazak, Zhuk und andere. <\/p>\n<p>Wir selbst f\u00fchren viel Sch\u00e4rfen durch, daher steht unser Team bereit, Sie zu beraten, wenn Sie eine Angelegenheit haben.<br \/>\nViel Spa\u00df beim Benutzen deiner scharfen Messer!<br \/>\nWir sind immer f\u00fcr dich da,<br \/>\n das 25.000-Meilen-Team!<\/p>\n","protected":false},"excerpt":{"rendered":"<p><strong>Siliziumkarbid 6&#8243;<\/strong> -Serie \u2013 Einseitiger Diamantblock zum Formen, Sch\u00e4rfen und Fertigstellen der Schneidkante.<\/p>\n<p>Der Wert in <strong>Klammern <\/strong>steht f\u00fcr die Gr\u00f6\u00dfe in <strong>Fepa-F<\/strong>. Siehe die Beschreibung f\u00fcr Details.<\/p>\n<p>Geeignet f\u00fcr Sch\u00e4rfsysteme: TsProf (K03, Kadet, Blitz, Pioneer), Kazak, Apex Edge Pro und Nachbauten.<\/p>\n<ul>\n<li><strong>Gr\u00f6\u00dfe:<\/strong> 150\u044525\u04457 mm (6&#8243;x1&#8243;x1&#8243;1\/4&#8243;)<\/li>\n<li><strong>Dicke der Arbeitsschicht:<\/strong> 3 mm.<\/li>\n<li><strong>Streugut:<\/strong> F46 Fepa-F (400\/315 Mikron)<\/li>\n<li><strong>Abrasive Konzentration:<\/strong> 100 %<\/li>\n<li><strong>Anleihenqualit\u00e4t:<\/strong> Organisch<\/li>\n<li><strong>Diamantpulverqualit\u00e4t:<\/strong> Siliziumkarbid<\/li>\n<li><strong>Abrasiv:<\/strong> Siliziumkarbid<\/li>\n<li><strong>Marke:<\/strong> Venev Industriediamanten<\/li>\n<li><strong>Modellname (zu einer Karte zusammenfassen):<\/strong> &#8220;Siliziumkarbid&#8221; 150x25x7mm.<\/li>\n<\/ul>\n","protected":false},"featured_media":41206,"comment_status":"open","ping_status":"closed","template":"","meta":{"_acf_changed":false,"_seopress_robots_primary_cat":"1062","_seopress_titles_title":"","_seopress_titles_desc":"","_seopress_robots_index":"","iawp_total_views":0},"product_brand":[1271],"product_cat":[1141,1130,1138],"product_tag":[],"class_list":{"0":"post-41209","1":"product","2":"type-product","3":"status-publish","4":"has-post-thumbnail","6":"product_brand-venev-industrial-diamonds","7":"product_cat-sharpening-system-stones","8":"product_cat-sharpening-tools-equipment","9":"product_cat-sharpening-and-finishing-stones","10":"pa_brand-venev","12":"first","13":"instock","14":"taxable","15":"shipping-taxable","16":"purchasable","17":"product-type-simple"},"acf":[],"_links":{"self":[{"href":"https:\/\/25000miles.eu\/de\/wp-json\/wp\/v2\/product\/41209","targetHints":{"allow":["GET"]}}],"collection":[{"href":"https:\/\/25000miles.eu\/de\/wp-json\/wp\/v2\/product"}],"about":[{"href":"https:\/\/25000miles.eu\/de\/wp-json\/wp\/v2\/types\/product"}],"replies":[{"embeddable":true,"href":"https:\/\/25000miles.eu\/de\/wp-json\/wp\/v2\/comments?post=41209"}],"wp:featuredmedia":[{"embeddable":true,"href":"https:\/\/25000miles.eu\/de\/wp-json\/wp\/v2\/media\/41206"}],"wp:attachment":[{"href":"https:\/\/25000miles.eu\/de\/wp-json\/wp\/v2\/media?parent=41209"}],"wp:term":[{"taxonomy":"product_brand","embeddable":true,"href":"https:\/\/25000miles.eu\/de\/wp-json\/wp\/v2\/product_brand?post=41209"},{"taxonomy":"product_cat","embeddable":true,"href":"https:\/\/25000miles.eu\/de\/wp-json\/wp\/v2\/product_cat?post=41209"},{"taxonomy":"product_tag","embeddable":true,"href":"https:\/\/25000miles.eu\/de\/wp-json\/wp\/v2\/product_tag?post=41209"}],"curies":[{"name":"wp","href":"https:\/\/api.w.org\/{rel}","templated":true}]}}