{"id":42197,"date":"2025-12-10T22:01:31","date_gmt":"2025-12-10T21:01:31","guid":{"rendered":"https:\/\/25000miles.eu\/product\/southern-cross-bushcraft-coyote-griff-elmax-stahl-konvex\/"},"modified":"2025-12-28T19:00:13","modified_gmt":"2025-12-28T18:00:13","slug":"southern-cross-bushcraft-coyote-griff-elmax-stahl-konvex","status":"publish","type":"product","link":"https:\/\/25000miles.eu\/de\/produkt\/southern-cross-bushcraft-coyote-griff-elmax-stahl-konvex\/","title":{"rendered":"Southern Cross &#8220;Bushcraft&#8221; Coyote Griff \u2013 Elmax-Stahl \u2013 Konvex"},"content":{"rendered":"<p><strong>Bushcraft Expert Knife von Southern Cross<\/strong><\/p>\n<p>Das &#8220;Bushcraft&#8221; ist ein vielseitiges Waldmesser mit gro\u00dfer Funktionalit\u00e4t. Es ist ein starkes und zuverl\u00e4ssiges Messer f\u00fcr Abenteuer in der Wildnis, ein Werkzeug, das effizient schneiden, hacken, schnitzen und sogar Holz mit Schlagstock benutzen kann. Das Messer kann als Hauptwerkzeug f\u00fcr Buscharbeit dienen, ein praktisches Messer zum Aufschlagen von Lager und zum Bau provisorischer Unterk\u00fcnfte, ein universelles Touristenmesser, ein Jagdmesser und mehr. Eines der Hauptmerkmale der Bushcraft ist ihre Klinge mit konvexen (linsenf\u00f6rmigen) Schr\u00e4gen, die sich zu null verj\u00fcngen. Eine solche Klinge beh\u00e4lt ihre Sch\u00e4rfe der Schneide lange, ist aber dennoch leicht zu sch\u00e4rfen. Die Herstellung von Messern mit diesen linsenf\u00f6rmigen Schr\u00e4gen und echtem Null-Taper ist in der Messerherstellung \u00e4u\u00dferst selten und kostspielig. Diejenigen, die solche Messer in der Praxis ausprobieren, greifen jedoch selten zu klassischen Klingenabschl\u00e4gen zur\u00fcck.      <\/p>\n<p>Die Klinge des Bushcraft-Messers hat eine Drop-Point-Form und besteht aus <strong>Elmax-Stahl,<\/strong> der f\u00fcr seine hohe H\u00e4rte, hervorragende Verschlei\u00dffestigkeit und \u00fcberlegene Korrosionsbest\u00e4ndigkeit bekannt ist. Elmax ist ein Pulverstahl, der au\u00dfergew\u00f6hnliche Schneidleistung und langanhaltende Sch\u00e4rfe bietet und das Messer zu einem zuverl\u00e4ssigen und langlebigen Werkzeug macht. <\/p>\n<p>Der Griff besteht aus Micarta, einem hochdekorativen und strukturellen Verbundwerkstoff. Micarta ist nicht nur sch\u00f6n und langlebig, sondern bietet auch exzellenten Grip und widersteht Temperaturschwankungen. Die ergonomische Form sorgt f\u00fcr eine komfortable Handhabung, auch bei l\u00e4ngerer Nutzung. Das Haupthighlight dieses Griffs ist die <strong>propriet\u00e4re 3D-Texturierung<\/strong>, die es dem Messer erm\u00f6glicht, auch bei nassen H\u00e4nden fest zu halten \u2013 ein absolut entscheidendes Merkmal.<strong> Messerkonstruktion \u2014 <strong>Full-Tang<\/strong>, mit zwei starken Nieten und einem Lanyard-Rohr.<\/strong>    <\/p>\n<p>Der Bushcraft Expert wird mit Lederscheiden geliefert, die eine sichere Aufbewahrung und den Transport des Messers sowie einen jederzeit einfachen Zugang gew\u00e4hrleisten. Im Inneren der Scheide befindet sich ein spezieller Einsatz, der sie vor versehentlichen Schnitten von innen sch\u00fctzt. Das Scheidendesign erm\u00f6glicht es, das Messer an einem G\u00fcrtel oder Rucksack zu tragen, was es noch vielseitiger macht.  <\/p>\n<p>Das Bushcraft Expert Messer von Southern Cross ist die perfekte Wahl f\u00fcr diejenigen, die Qualit\u00e4t, Zuverl\u00e4ssigkeit und Funktionalit\u00e4t ihrer Werkzeuge sch\u00e4tzen.<\/p>\n","protected":false},"excerpt":{"rendered":"<p><strong>Leistungsbeschreibung<\/strong><\/p>\n<ul>\n<li>Gewicht: 155 g<\/li>\n<li>Gesamtl\u00e4nge: 24 cm<\/li>\n<\/ul>\n<p><strong>Klinge<\/strong><\/p>\n<ul>\n<li>Stahl: Uddeholm Elmax SuperClean<\/li>\n<li>Klingenl\u00e4nge: 12 cm<\/li>\n<li>Klingenschleifen: Konvex<\/li>\n<li>Klingenprofiltyp: Abwurfpunkt<\/li>\n<li>Rockwell-H\u00e4rte: 61\u201362 HRC<\/li>\n<li>Kantentyp: Schlicht<\/li>\n<li>Klingenfinish: Satin-Finish<\/li>\n<li>Klingenbreite: 2,6 cm<\/li>\n<li>Wirbels\u00e4ulendicke: 3,5 mm<\/li>\n<\/ul>\n<p><strong>Griff<\/strong><\/p>\n<ul>\n<li>Material: Micarta<\/li>\n<li>Farbe: Kojoten-Griff<\/li>\n<li>Lafettentyp: Full Tang<\/li>\n<li>Zus\u00e4tzliche Behandlung: 3D-Textur<\/li>\n<li>Dicke: 2,5 cm<\/li>\n<li>Breite: 2,8 cm<\/li>\n<\/ul>\n","protected":false},"featured_media":40789,"comment_status":"open","ping_status":"closed","template":"","meta":{"_acf_changed":false,"_seopress_robots_primary_cat":"none","_seopress_titles_title":"","_seopress_titles_desc":"","_seopress_robots_index":"","iawp_total_views":0},"product_brand":[],"product_cat":[1242],"product_tag":[],"class_list":{"0":"post-42197","1":"product","2":"type-product","3":"status-publish","4":"has-post-thumbnail","6":"product_cat-messer","7":"pa_brand-southern-cross","9":"first","10":"instock","11":"sale","12":"taxable","13":"shipping-taxable","14":"purchasable","15":"product-type-simple"},"acf":[],"_links":{"self":[{"href":"https:\/\/25000miles.eu\/de\/wp-json\/wp\/v2\/product\/42197","targetHints":{"allow":["GET"]}}],"collection":[{"href":"https:\/\/25000miles.eu\/de\/wp-json\/wp\/v2\/product"}],"about":[{"href":"https:\/\/25000miles.eu\/de\/wp-json\/wp\/v2\/types\/product"}],"replies":[{"embeddable":true,"href":"https:\/\/25000miles.eu\/de\/wp-json\/wp\/v2\/comments?post=42197"}],"wp:featuredmedia":[{"embeddable":true,"href":"https:\/\/25000miles.eu\/de\/wp-json\/wp\/v2\/media\/40789"}],"wp:attachment":[{"href":"https:\/\/25000miles.eu\/de\/wp-json\/wp\/v2\/media?parent=42197"}],"wp:term":[{"taxonomy":"product_brand","embeddable":true,"href":"https:\/\/25000miles.eu\/de\/wp-json\/wp\/v2\/product_brand?post=42197"},{"taxonomy":"product_cat","embeddable":true,"href":"https:\/\/25000miles.eu\/de\/wp-json\/wp\/v2\/product_cat?post=42197"},{"taxonomy":"product_tag","embeddable":true,"href":"https:\/\/25000miles.eu\/de\/wp-json\/wp\/v2\/product_tag?post=42197"}],"curies":[{"name":"wp","href":"https:\/\/api.w.org\/{rel}","templated":true}]}}