{"id":42199,"date":"2025-12-15T20:02:58","date_gmt":"2025-12-15T19:02:58","guid":{"rendered":"https:\/\/25000miles.eu\/product\/anika-viking-mini-axt-mit-lederscheide\/"},"modified":"2025-12-28T18:59:27","modified_gmt":"2025-12-28T17:59:27","slug":"anika-viking-mini-axt-mit-lederscheide","status":"publish","type":"product","link":"https:\/\/25000miles.eu\/de\/produkt\/anika-viking-mini-axt-mit-lederscheide\/","title":{"rendered":"Anika &#8220;Viking Mini&#8221; Axt mit Lederscheide"},"content":{"rendered":"<p><strong>Hauptmerkmale:<\/strong><\/p>\n<p>Dies ist eine Mini-Version des beliebten Tomahawks &#8220;Viking&#8221;. Hat Ihnen der &#8220;Viking&#8221; gefallen, aber seine Gr\u00f6\u00dfe war nicht optimal f\u00fcr Wandern oder andere Aufgaben? Die L\u00f6sung wurde gefunden. Viel Charisma in einer kompakten Gr\u00f6\u00dfe!   <\/p>\n<p>Stahl \u2013 <strong>SHKX15<\/strong>, vollst\u00e4ndiger Hitzebehandlungszyklus mit Zonenh\u00e4rtung der Klinge zur <strong>Z\u00e4higkeit<\/strong>, H\u00e4rte der Schneide \u2013 etwa <strong>58<\/strong> <strong>HRC. Sto\u00dfsto\u00df.<\/strong><\/p>\n<p><span style=\"color: var(--danger);\">Standardsch\u00e4rfung an der Axt f\u00fcr Holzbearbeitung mit einer Mikrokante. Wenn Sie f\u00fcr Arbeiten an anderen Materialien gesch\u00e4rft werden m\u00fcssen, geben Sie dies bitte vor der Bestellung an. <\/span><\/p>\n","protected":false},"excerpt":{"rendered":"<p>Handgeschmiedet. Alle Anika-\u00c4xte sind handgefertigt, was eine leichte Variation der Parameter erm\u00f6glicht, aber das Ergebnis ist maximale Haltbarkeit und Einzigartigkeit jeder Axt. <\/p>\n<ul>\n<li><strong>Stahl<\/strong> \u2013 SHKX15.<\/li>\n<li><strong>Der Griff<\/strong> ist Asche, mit Tung\u00f6l \u00fcberzogen.<\/li>\n<li><strong>Gesamtl\u00e4nge<\/strong> \u2013 400 mm.<\/li>\n<li><strong>Kante<\/strong> \u2013 etwa 90 mm.<\/li>\n<li><strong>Gewicht der Axt<\/strong> \u2013 etwa 800 Gramm.<\/li>\n<\/ul>\n","protected":false},"featured_media":41370,"comment_status":"open","ping_status":"closed","template":"","meta":{"_acf_changed":false,"_seopress_robots_primary_cat":"1054","_seopress_titles_title":"","_seopress_titles_desc":"","_seopress_robots_index":"","iawp_total_views":20},"product_brand":[1280],"product_cat":[1126,1125],"product_tag":[],"class_list":{"0":"post-42199","1":"product","2":"type-product","3":"status-publish","4":"has-post-thumbnail","6":"product_brand-anika","7":"product_cat-axes","8":"product_cat-machetes-axes-saws","9":"pa_brand-anika","11":"first","12":"instock","13":"taxable","14":"shipping-taxable","15":"purchasable","16":"product-type-simple"},"acf":[],"_links":{"self":[{"href":"https:\/\/25000miles.eu\/de\/wp-json\/wp\/v2\/product\/42199","targetHints":{"allow":["GET"]}}],"collection":[{"href":"https:\/\/25000miles.eu\/de\/wp-json\/wp\/v2\/product"}],"about":[{"href":"https:\/\/25000miles.eu\/de\/wp-json\/wp\/v2\/types\/product"}],"replies":[{"embeddable":true,"href":"https:\/\/25000miles.eu\/de\/wp-json\/wp\/v2\/comments?post=42199"}],"wp:featuredmedia":[{"embeddable":true,"href":"https:\/\/25000miles.eu\/de\/wp-json\/wp\/v2\/media\/41370"}],"wp:attachment":[{"href":"https:\/\/25000miles.eu\/de\/wp-json\/wp\/v2\/media?parent=42199"}],"wp:term":[{"taxonomy":"product_brand","embeddable":true,"href":"https:\/\/25000miles.eu\/de\/wp-json\/wp\/v2\/product_brand?post=42199"},{"taxonomy":"product_cat","embeddable":true,"href":"https:\/\/25000miles.eu\/de\/wp-json\/wp\/v2\/product_cat?post=42199"},{"taxonomy":"product_tag","embeddable":true,"href":"https:\/\/25000miles.eu\/de\/wp-json\/wp\/v2\/product_tag?post=42199"}],"curies":[{"name":"wp","href":"https:\/\/api.w.org\/{rel}","templated":true}]}}