{"id":42210,"date":"2025-12-10T23:05:42","date_gmt":"2025-12-10T22:05:42","guid":{"rendered":"https:\/\/25000miles.eu\/product\/southern-cross-fang-l-smaragdgruener-griff-elmax-stahl-massgefertigtes-handschaerfen\/"},"modified":"2025-12-28T19:00:11","modified_gmt":"2025-12-28T18:00:11","slug":"southern-cross-fang-l-smaragdgruener-griff-elmax-stahl-massgefertigtes-handschaerfen","status":"publish","type":"product","link":"https:\/\/25000miles.eu\/de\/produkt\/southern-cross-fang-l-smaragdgruener-griff-elmax-stahl-massgefertigtes-handschaerfen\/","title":{"rendered":"Southern Cross &#8220;Fang L&#8221; Smaragdgr\u00fcner Griff \u2013 Elmax-Stahl (ma\u00dfgefertigtes Handsch\u00e4rfen)"},"content":{"rendered":"<p><strong>Fang L Expertenmesser von Southern Cross<\/strong><\/p>\n<p>Fang L ist eine vergr\u00f6\u00dferte Version des beliebten Fang-Modells, ein vielseitiges Messer f\u00fcr Jagd und Outdoor-Aktivit\u00e4ten. In dieser Version ist das Messer perfekt f\u00fcr Wandern, Vogel- oder Wildjagd; Es kann als praktisches Angelmesser, H\u00e4uter, Werkzeug zur Essenszubereitung und als Messer zum Campaufbau dienen. Sie hat ein angenehmes Gewicht, einen griffigen Griff und eine scharfe Klinge, die eine Vielzahl von Aufgaben bew\u00e4ltigen kann. Das Messer ist so praktisch, dass du es wahrscheinlich nicht loslassen willst.   <\/p>\n<p>Die Klinge des Bushcraft-Messers hat eine Drop-Point-Form und besteht aus <strong>Elmax-Stahl,<\/strong> der f\u00fcr seine hohe H\u00e4rte, hervorragende Verschlei\u00dffestigkeit und \u00fcberlegene Korrosionsbest\u00e4ndigkeit bekannt ist. Elmax ist ein Pulverstahl, der au\u00dfergew\u00f6hnliche Schneidleistung und langanhaltende Sch\u00e4rfe bietet und das Messer zu einem zuverl\u00e4ssigen und langlebigen Werkzeug macht. <\/p>\n<p>Der Griff besteht aus Micarta, einem hochdekorativen und strukturellen Verbundwerkstoff. Micarta ist nicht nur sch\u00f6n und langlebig, sondern bietet auch exzellenten Grip und widersteht Temperaturschwankungen. Die ergonomische Form sorgt f\u00fcr eine komfortable Handhabung, auch bei l\u00e4ngerer Nutzung. Das Haupthighlight dieses Griffs ist die <strong>propriet\u00e4re 3D-Texturierung<\/strong>, die es dem Messer erm\u00f6glicht, auch bei nassen H\u00e4nden fest zu halten \u2013 ein absolut entscheidendes Merkmal.<strong> Messerkonstruktion \u2014 <strong>Full-Tang<\/strong>, mit zwei starken Nieten und einem Lanyard-Rohr.<\/strong>    <\/p>\n<p>Der Fang L Expert wird mit Lederscheiden geliefert, die eine sichere Aufbewahrung und den Transport des Messers sowie einen jederzeit einfachen Zugriff gew\u00e4hrleisten. Im Inneren der Scheide befindet sich ein spezieller Einsatz, der sie vor versehentlichen Schnitten von innen sch\u00fctzt. Das Scheidendesign erm\u00f6glicht es, das Messer an einem G\u00fcrtel oder Rucksack zu tragen, was es noch vielseitiger macht.  <\/p>\n<p>Das Fang L Expert Messer von Southern Cross ist die perfekte Wahl f\u00fcr diejenigen, die Qualit\u00e4t, Zuverl\u00e4ssigkeit und Funktionalit\u00e4t ihrer Werkzeuge sch\u00e4tzen.<\/p>\n","protected":false},"excerpt":{"rendered":"<p><strong>Handgefertigte Messer.<\/strong> Leichte Gr\u00f6\u00dfenunterschiede sind m\u00f6glich, aber im Gegenzug wird sorgf\u00e4ltig auf die Details geachtet.<\/p>\n<ul>\n<li>Gewicht: 135 g<\/li>\n<li>Overall length: 22,2 cm<\/li>\n<\/ul>\n<p><strong>Klinge<\/strong><\/p>\n<ul>\n<li>Stahl: Uddeholm Elmax SuperClean<\/li>\n<li>Klingenl\u00e4nge: 10 cm<\/li>\n<li>Klingenschleifen: Gerade<\/li>\n<li>Klingenprofiltyp: Abwurfpunkt<\/li>\n<li>Rockwell-H\u00e4rte: 61\u201362 HRC<\/li>\n<li>Kantentyp: Schlicht<\/li>\n<li>Klingenfinish: Satin-Finish<\/li>\n<li>Klingenbreite: 2,8 cm<\/li>\n<li>Wirbels\u00e4ulendicke: 2,5 mm<\/li>\n<\/ul>\n<p><strong>Griff<\/strong><\/p>\n<ul>\n<li>Material: Micarta<\/li>\n<li>Farbe: Smaragdgr\u00fcner Griff<\/li>\n<li>Lafettentyp: Full Tang<\/li>\n<li>Zus\u00e4tzliche Behandlung: 3D-Textur<\/li>\n<li>Dicke: 2,5 cm<\/li>\n<li>Breite: 2,7 cm<\/li>\n<\/ul>\n","protected":false},"featured_media":40812,"comment_status":"open","ping_status":"closed","template":"","meta":{"_acf_changed":false,"_seopress_robots_primary_cat":"none","_seopress_titles_title":"","_seopress_titles_desc":"","_seopress_robots_index":"","iawp_total_views":1},"product_brand":[],"product_cat":[1242],"product_tag":[],"class_list":{"0":"post-42210","1":"product","2":"type-product","3":"status-publish","4":"has-post-thumbnail","6":"product_cat-messer","7":"pa_brand-southern-cross","9":"first","10":"instock","11":"sale","12":"taxable","13":"shipping-taxable","14":"purchasable","15":"product-type-simple"},"acf":[],"_links":{"self":[{"href":"https:\/\/25000miles.eu\/de\/wp-json\/wp\/v2\/product\/42210","targetHints":{"allow":["GET"]}}],"collection":[{"href":"https:\/\/25000miles.eu\/de\/wp-json\/wp\/v2\/product"}],"about":[{"href":"https:\/\/25000miles.eu\/de\/wp-json\/wp\/v2\/types\/product"}],"replies":[{"embeddable":true,"href":"https:\/\/25000miles.eu\/de\/wp-json\/wp\/v2\/comments?post=42210"}],"wp:featuredmedia":[{"embeddable":true,"href":"https:\/\/25000miles.eu\/de\/wp-json\/wp\/v2\/media\/40812"}],"wp:attachment":[{"href":"https:\/\/25000miles.eu\/de\/wp-json\/wp\/v2\/media?parent=42210"}],"wp:term":[{"taxonomy":"product_brand","embeddable":true,"href":"https:\/\/25000miles.eu\/de\/wp-json\/wp\/v2\/product_brand?post=42210"},{"taxonomy":"product_cat","embeddable":true,"href":"https:\/\/25000miles.eu\/de\/wp-json\/wp\/v2\/product_cat?post=42210"},{"taxonomy":"product_tag","embeddable":true,"href":"https:\/\/25000miles.eu\/de\/wp-json\/wp\/v2\/product_tag?post=42210"}],"curies":[{"name":"wp","href":"https:\/\/api.w.org\/{rel}","templated":true}]}}