{"id":42212,"date":"2025-12-13T20:28:47","date_gmt":"2025-12-13T19:28:47","guid":{"rendered":"https:\/\/25000miles.eu\/product\/venev-siliziumkarbid-serie-8-f360\/"},"modified":"2025-12-28T18:59:31","modified_gmt":"2025-12-28T17:59:31","slug":"venev-siliziumkarbid-serie-8-f360","status":"publish","type":"product","link":"https:\/\/25000miles.eu\/de\/produkt\/venev-siliziumkarbid-serie-8-f360\/","title":{"rendered":"Venev Siliziumkarbid Serie 8&#8243; (F360)"},"content":{"rendered":"<p>Unser Gesch\u00e4ft ist der offizielle Vertriebspartner von &#8220;Venev Industrial Diamonds&#8221;. Aufgrund ihrer hohen Leistung und Haltbarkeit bieten diese Schleifmittel ein ausgezeichnetes Preis-Leistungs-Verh\u00e4ltnis. Die Wahl der richtigen K\u00f6rnung sorgt f\u00fcr ein hervorragendes, m\u00fcheloses Ergebnis, egal ob Reparatur, Nachsch\u00e4rfen oder Polieren. <\/p>\n<p>Siliziumkarbid-Schleifstein f\u00fcr die Hauptschleifphase.<\/p>\n<p>Eine g\u00fcnstige Linie aus Steinen aus der Venev-Diamantenfabrik. Dieser Siliziumkarbid-Schleifstein ist eine ideale Wahl f\u00fcr diejenigen, die Qualit\u00e4t zu einem angemessenen Preis sch\u00e4tzen. Dieses g\u00fcnstige Angebot eines weltweit renommierten Herstellers wird mit seinen Ausstattungsmerkmalen begeistern:  <\/p>\n<p>Die Dicke der Arbeitsschleifschicht von <strong>11 mm<\/strong> gew\u00e4hrleistet ihre Haltbarkeit. Und die gro\u00dfe, nutzbare Oberfl\u00e4che erm\u00f6glicht das angenehme Sch\u00e4rfen selbst gro\u00dfer Kochmesser.<br \/>\nDie organische Bindung garantiert eine zuverl\u00e4ssige Getreidebindung und gleichm\u00e4\u00dfiges Mahlen. Perfekt f\u00fcr sowohl Profis als auch Hobbyisten!<br \/>\nWasser- oder Seifenl\u00f6sung wird zur Schmierung und K\u00fchlung w\u00e4hrend der Nutzung empfohlen.<\/p>\n<h3>H\u00e4ufig gestellte Fragen:<\/h3>\n<h4>Welche Fl\u00fcssigkeit sollte man verwenden?<\/h4>\n<p>Diese Steine eignen sich gut mit vielen Fl\u00fcssigkeiten:<\/p>\n<p>1. Du kannst eine Wasser- oder Seifenwasserl\u00f6sung verwenden (zum Beispiel mit Fairy).<\/p>\n<h4>Wie stehen die Zahlen auf dem Stein: F46, F60&#8230;.. F2000 bedeuten?<\/h4>\n<p>Die Steine werden von der Fabrik gem\u00e4\u00df dem FEPA-F-System gekennzeichnet. Wenn du sie mit anderen Schleifmitteln vergleichen musst, verwende hier die Korngr\u00f6\u00dfentabelle in der interaktiven <strong><span class=\"grit-popup-click\" style=\"color: var(--primary); cursor: pointer;\">Tabelle<\/span><\/strong>. <\/p>\n<h4>F\u00fcr welche Systeme sind sie geeignet?<\/h4>\n<p>Diese Steine sind f\u00fcr das manuelle Sch\u00e4rfen gedacht.<\/p>\n<p>Wir selbst f\u00fchren viel Sch\u00e4rfen durch, daher steht unser Team bereit, Sie zu beraten, wenn Sie eine Angelegenheit haben.<br \/>\nViel Spa\u00df beim Benutzen deiner scharfen Messer!<br \/>\nWir sind immer f\u00fcr dich da,<br \/>\n das 25.000-Meilen-Team!<\/p>\n","protected":false},"excerpt":{"rendered":"<p><strong>Siliziumkarbid<\/strong> <strong>8&#8243;<\/strong> Serie \u2013 doppelseitige Diamantbl\u00f6cke zum Formen, Sch\u00e4rfen und Fertigstellen der Schneidkante.<\/p>\n<p>Der Wert in <strong>Klammern <\/strong>steht f\u00fcr die Gr\u00f6\u00dfe in <strong>Fepa-F<\/strong>. Siehe die Beschreibung f\u00fcr Details.<\/p>\n<p>&nbsp;<\/p>\n<ul>\n<li><strong>Gr\u00f6\u00dfe:<\/strong> 200\u044583\u044511 mm (8&#8243;x3 1\/4&#8243;x3\/8&#8243;)<\/li>\n<li><strong>Dicke der Arbeitsschicht:<\/strong> 11 mm.<\/li>\n<li><strong>Streugut:<\/strong> F360 Fepa-F (28\/20 Mikron)<\/li>\n<li><strong>Abrasive Konzentration:<\/strong> 100 %<\/li>\n<li><strong>Anleihenqualit\u00e4t:<\/strong> Organisch<\/li>\n<li><strong>Diamantpulverqualit\u00e4t:<\/strong> Siliziumkarbid<\/li>\n<li><strong>Abrasiv:<\/strong> Siliziumkarbid<\/li>\n<li><strong>Marke:<\/strong> Venev Industriediamanten<\/li>\n<li><strong>Modellname (zu einer Karte zusammenfassen):<\/strong> &#8220;Siliziumkarbid&#8221; 200x83x11mm.<\/li>\n<\/ul>\n","protected":false},"featured_media":42201,"comment_status":"open","ping_status":"closed","template":"","meta":{"_acf_changed":false,"_seopress_robots_primary_cat":"1062","_seopress_titles_title":"","_seopress_titles_desc":"","_seopress_robots_index":"","iawp_total_views":0},"product_brand":[1271],"product_cat":[1141,1130,1138],"product_tag":[],"class_list":{"0":"post-42212","1":"product","2":"type-product","3":"status-publish","4":"has-post-thumbnail","6":"product_brand-venev-industrial-diamonds","7":"product_cat-sharpening-system-stones","8":"product_cat-sharpening-tools-equipment","9":"product_cat-sharpening-and-finishing-stones","10":"pa_brand-venev","12":"first","13":"instock","14":"taxable","15":"shipping-taxable","16":"purchasable","17":"product-type-simple"},"acf":[],"_links":{"self":[{"href":"https:\/\/25000miles.eu\/de\/wp-json\/wp\/v2\/product\/42212","targetHints":{"allow":["GET"]}}],"collection":[{"href":"https:\/\/25000miles.eu\/de\/wp-json\/wp\/v2\/product"}],"about":[{"href":"https:\/\/25000miles.eu\/de\/wp-json\/wp\/v2\/types\/product"}],"replies":[{"embeddable":true,"href":"https:\/\/25000miles.eu\/de\/wp-json\/wp\/v2\/comments?post=42212"}],"wp:featuredmedia":[{"embeddable":true,"href":"https:\/\/25000miles.eu\/de\/wp-json\/wp\/v2\/media\/42201"}],"wp:attachment":[{"href":"https:\/\/25000miles.eu\/de\/wp-json\/wp\/v2\/media?parent=42212"}],"wp:term":[{"taxonomy":"product_brand","embeddable":true,"href":"https:\/\/25000miles.eu\/de\/wp-json\/wp\/v2\/product_brand?post=42212"},{"taxonomy":"product_cat","embeddable":true,"href":"https:\/\/25000miles.eu\/de\/wp-json\/wp\/v2\/product_cat?post=42212"},{"taxonomy":"product_tag","embeddable":true,"href":"https:\/\/25000miles.eu\/de\/wp-json\/wp\/v2\/product_tag?post=42212"}],"curies":[{"name":"wp","href":"https:\/\/api.w.org\/{rel}","templated":true}]}}