{"id":60198,"date":"2026-01-03T20:30:59","date_gmt":"2026-01-03T19:30:59","guid":{"rendered":"https:\/\/25000miles.eu\/product\/southern-cross-nessmuk-nord-hunter-coyote-griff-elmax-stahl-konvex\/"},"modified":"2026-01-03T20:30:59","modified_gmt":"2026-01-03T19:30:59","slug":"southern-cross-nessmuk-nord-hunter-coyote-griff-elmax-stahl-konvex","status":"publish","type":"product","link":"https:\/\/25000miles.eu\/de\/produkt\/southern-cross-nessmuk-nord-hunter-coyote-griff-elmax-stahl-konvex\/","title":{"rendered":"Southern Cross &#8220;Nessmuk Nord Hunter&#8221; Coyote-Griff \u2013 Elmax-Stahl \u2013 Konvex"},"content":{"rendered":"<p>Nessmuk ist ein altes Messer, das nach dem amerikanischen Schriftsteller und J\u00e4ger George W. Sears benannt ist. Nessmuk war das Pseudonym von George Washington Sears, einem Sportkorrespondenten der Zeitschrift &#8220;Forest and Stream&#8221; in den 1880er Jahren. Viele Publikationen behaupten, dass der ber\u00fchmte Spitzname &#8220;Nessmuk&#8221; George von freundlichen Ureinwohnern des Narragansett-Stammes gegeben wurde, die damals in den Gebieten Rhode Island, Connecticut und Massachusetts lebten. In Wirklichkeit war die Geschichte etwas komplexer. Der Name Nessmuk stammte von einem jungen amerikanischen Ureinwohner aus diesem Stamm, der sich mit George anfreundete und ihm \u00dcberlebenstechniken der Ureinwohner in der Wildnis beibrachte. In der \u00dcbersetzung aus der Narragansett-Sprache bedeutet &#8220;nessmuk&#8221; &#8220;Waldente&#8221;. Unter diesem Begriff gingen sowohl das Feldmesser seines Entwurfs mit ungew\u00f6hnlicher Klingenform \u2013 der &#8220;Nessmuk&#8221; \u2013 als auch George selbst in die Geschichte ein. Sp\u00e4ter begann Georg, den Namen Nessmuk als literarisches Pseudonym zu verwenden.       <\/p>\n<p>Sears schrieb 1884 nach vielen Jahren Kanufahren und Zelten in den Adirondacks &#8220;Woodcraft and Camping&#8221;. Er hatte umfangreiche Erfahrung im Umgang mit Messern nicht nur auf Reisen, sondern auch w\u00e4hrend seiner dreij\u00e4hrigen Arbeit auf einem Walfangschiff. &#8220;Woodcraft and Camping&#8221; wurde das erste Massenmarktbuch, das sich dem \u00dcberleben im Wald widmete. Dieses Buch wird weiterhin nachgedruckt und bleibt beliebt, obwohl einige Informationen aufgrund erheblicher Verbesserungen bei der Campingausr\u00fcstung seitdem veraltet sind.   <\/p>\n<p>Dieses bekannte klassische amerikanische Campingmesser ist bei Touristen, J\u00e4gern und Fischern in vielen L\u00e4ndern der Welt beliebt. Das Nessmuk-Messer wird h\u00e4ufig f\u00fcr die Jagd, den Tourismus und andere Outdoor-Aktivit\u00e4ten verwendet. Sein Design und seine Eigenschaften machen es zu einem praktischen und effektiven Werkzeug f\u00fcr verschiedene Aufgaben in der Wildnis und dar\u00fcber hinaus. Diese Art von Messer wird haupts\u00e4chlich zum Ausnehmen von Wild und zur Zubereitung von Speisen verwendet. Aus diesem Grund sind Messer mit einer Nessmuk-Klinge besonders beliebt bei J\u00e4gern oder Menschen, die h\u00e4ufig wandern. Dieses Modell wird mit einer konvexen Schleifung hergestellt, die eine ausgezeichnete Schneidf\u00e4higkeit und Haltbarkeit bietet.     <\/p>\n<p>Die Klinge des Nessmuk Nord Hunter Expert Messers hat eine Drop-Point-Form und besteht aus <strong>Elmax-Stahl<\/strong>, das f\u00fcr seine hohe H\u00e4rte, hervorragende Verschlei\u00dffestigkeit und hervorragende Korrosionsbest\u00e4ndigkeit bekannt ist. Elmax ist ein Pulverstahl, der au\u00dfergew\u00f6hnliche Schneidleistung und langanhaltende Sch\u00e4rfe bietet und das Messer zu einem zuverl\u00e4ssigen und langlebigen Werkzeug macht. <\/p>\n<p>Der Griff besteht aus Micarta, einem hochdekorativen und strukturellen Verbundwerkstoff. Micarta ist nicht nur sch\u00f6n und langlebig, sondern bietet auch exzellenten Grip und widersteht Temperaturschwankungen. Die ergonomische Form sorgt f\u00fcr eine komfortable Handhabung, auch bei l\u00e4ngerer Nutzung. Das Haupthighlight dieses Griffs ist die <strong>propriet\u00e4re 3D-Texturierung<\/strong>, die es dem Messer erm\u00f6glicht, auch bei nassen H\u00e4nden fest zu halten \u2013 ein absolut entscheidendes Merkmal.<strong> Messerkonstruktion \u2014 <strong>Full-Tang<\/strong>, mit zwei starken Nieten und einem Lanyard-Rohr.<\/strong>    <\/p>\n<p>Der Nessmuk Nord Hunter Expert wird mit Lederscheiden geliefert, die eine sichere Aufbewahrung und den Transport des Messers sowie einen einfachen Zugang jederzeit gew\u00e4hrleisten. Im Inneren der Scheide befindet sich ein spezieller Einsatz, der sie vor versehentlichen Schnitten von innen sch\u00fctzt. Das Scheidendesign erm\u00f6glicht es, das Messer an einem G\u00fcrtel oder Rucksack zu tragen, was es noch vielseitiger macht.  <\/p>\n<p>Das Nessmuk Nord Hunter Expert Expert Messer von Southern Cross ist die perfekte Wahl f\u00fcr alle, die Qualit\u00e4t, Zuverl\u00e4ssigkeit und Funktionalit\u00e4t ihrer Werkzeuge sch\u00e4tzen.<\/p>\n","protected":false},"excerpt":{"rendered":"<p><strong>Handgefertigte Messer.<\/strong> Leichte Gr\u00f6\u00dfenunterschiede sind m\u00f6glich, aber im Gegenzug wird sorgf\u00e4ltig auf die Details geachtet.<\/p>\n<ul>\n<li>Gewicht: 195g<\/li>\n<li>Gesamtl\u00e4nge: 24 cm<\/li>\n<\/ul>\n<p><strong>Klinge<\/strong><\/p>\n<ul>\n<li>Stahl: Uddeholm Elmax SuperClean<\/li>\n<li>Klingenl\u00e4nge: 11,1 cm<\/li>\n<li>Klingenschleifen: Konvex<\/li>\n<li>Klingenprofiltyp: Abwurfpunkt<\/li>\n<li>Rockwell-H\u00e4rte: 61\u201362 HRC<\/li>\n<li>Kantentyp: Schlicht<\/li>\n<li>Klingenfinish: Satin-Finish<\/li>\n<li>Klingenbreite: 4 cm<\/li>\n<li>Wirbels\u00e4ulendicke: 3,5 mm<\/li>\n<\/ul>\n<p><strong>Griff<\/strong><\/p>\n<ul>\n<li>Material: Micarta<\/li>\n<li>Farbe: Kojote<\/li>\n<li>Lafettentyp: Full Tang<\/li>\n<li>Zus\u00e4tzliche Behandlung: 3D-Textur<\/li>\n<li>Dicke: 2,5 cm<\/li>\n<li>Breite: 2,9 cm<\/li>\n<\/ul>\n","protected":false},"featured_media":42394,"comment_status":"open","ping_status":"closed","template":"","meta":{"_acf_changed":false,"_seopress_robots_primary_cat":"none","_seopress_titles_title":"","_seopress_titles_desc":"","_seopress_robots_index":"","iawp_total_views":0},"product_brand":[],"product_cat":[1242],"product_tag":[],"class_list":{"0":"post-60198","1":"product","2":"type-product","3":"status-publish","4":"has-post-thumbnail","6":"product_cat-messer","7":"pa_brand-southern-cross","9":"first","10":"instock","11":"sale","12":"taxable","13":"shipping-taxable","14":"purchasable","15":"product-type-simple"},"acf":[],"_links":{"self":[{"href":"https:\/\/25000miles.eu\/de\/wp-json\/wp\/v2\/product\/60198","targetHints":{"allow":["GET"]}}],"collection":[{"href":"https:\/\/25000miles.eu\/de\/wp-json\/wp\/v2\/product"}],"about":[{"href":"https:\/\/25000miles.eu\/de\/wp-json\/wp\/v2\/types\/product"}],"replies":[{"embeddable":true,"href":"https:\/\/25000miles.eu\/de\/wp-json\/wp\/v2\/comments?post=60198"}],"wp:featuredmedia":[{"embeddable":true,"href":"https:\/\/25000miles.eu\/de\/wp-json\/wp\/v2\/media\/42394"}],"wp:attachment":[{"href":"https:\/\/25000miles.eu\/de\/wp-json\/wp\/v2\/media?parent=60198"}],"wp:term":[{"taxonomy":"product_brand","embeddable":true,"href":"https:\/\/25000miles.eu\/de\/wp-json\/wp\/v2\/product_brand?post=60198"},{"taxonomy":"product_cat","embeddable":true,"href":"https:\/\/25000miles.eu\/de\/wp-json\/wp\/v2\/product_cat?post=60198"},{"taxonomy":"product_tag","embeddable":true,"href":"https:\/\/25000miles.eu\/de\/wp-json\/wp\/v2\/product_tag?post=60198"}],"curies":[{"name":"wp","href":"https:\/\/api.w.org\/{rel}","templated":true}]}}