{"id":60216,"date":"2025-12-30T20:27:08","date_gmt":"2025-12-30T19:27:08","guid":{"rendered":"https:\/\/25000miles.eu\/product\/southern-cross-hornet-l-coyote-stiel-elmax-stahl-konvex\/"},"modified":"2025-12-30T20:27:08","modified_gmt":"2025-12-30T19:27:08","slug":"southern-cross-hornet-l-coyote-stiel-elmax-stahl-konvex","status":"publish","type":"product","link":"https:\/\/25000miles.eu\/de\/produkt\/southern-cross-hornet-l-coyote-stiel-elmax-stahl-konvex\/","title":{"rendered":"Southern Cross &#8220;Hornet L&#8221; Coyote-Stiel \u2013 Elmax-Stahl \u2013 Konvex"},"content":{"rendered":"<p>&#8220;Hornet L&#8221; ist eine erweiterte Version des &#8220;Hornet&#8221;-Messers. Dieses Messer ist so vielseitig und bequem, dass es ein echter Erfolg geworden ist. Ja, es ist nicht ganz f\u00fcr den Hardcore-Einsatz und das Hacken geeignet, aber sein Gleichgewicht \u2013 eine d\u00fcnne Klinge, verst\u00e4rkt mit <strong>konvexen<\/strong> Fasen \u2013 hat uns \u00fcberzeugt. Probier es selbst aus. Das wird dich kaum gleichg\u00fcltig lassen.    <\/p>\n<p>Die Klinge des Bushcraft-Messers hat eine Drop-Point-Form und besteht aus <strong>Elmax-Stahl,<\/strong> der f\u00fcr seine hohe H\u00e4rte, hervorragende Verschlei\u00dffestigkeit und \u00fcberlegene Korrosionsbest\u00e4ndigkeit bekannt ist. Elmax ist ein Pulverstahl, der au\u00dfergew\u00f6hnliche Schneidleistung und langanhaltende Sch\u00e4rfe bietet und das Messer zu einem zuverl\u00e4ssigen und langlebigen Werkzeug macht. <\/p>\n<p>Der Griff besteht aus Micarta, einem hochdekorativen und strukturellen Verbundwerkstoff. Micarta ist nicht nur sch\u00f6n und langlebig, sondern bietet auch exzellenten Grip und widersteht Temperaturschwankungen. Die ergonomische Form sorgt f\u00fcr eine komfortable Handhabung, auch bei l\u00e4ngerer Nutzung. Das Haupthighlight dieses Griffs ist die <strong>propriet\u00e4re 3D-Texturierung<\/strong>, die es dem Messer erm\u00f6glicht, auch bei nassen H\u00e4nden fest zu halten \u2013 ein absolut entscheidendes Merkmal.<strong> Messerkonstruktion \u2014 <strong>Full-Tang<\/strong>, mit zwei starken Nieten und einem Lanyard-Rohr.<\/strong>    <\/p>\n<p>Der Hornet L Expert wird mit Lederh\u00fcllen geliefert, die eine sichere Aufbewahrung und den Transport des Messers sowie einen jederzeit einfachen Zugang gew\u00e4hrleisten. Im Inneren der Scheide befindet sich ein spezieller Einsatz, der sie vor versehentlichen Schnitten von innen sch\u00fctzt. Das Scheidendesign erm\u00f6glicht es, das Messer an einem G\u00fcrtel oder Rucksack zu tragen, was es noch vielseitiger macht.  <\/p>\n<p>Das Hornet L Expert Messer von Southern Cross ist die perfekte Wahl f\u00fcr alle, die Qualit\u00e4t, Zuverl\u00e4ssigkeit und Funktionalit\u00e4t ihrer Werkzeuge sch\u00e4tzen.<\/p>\n","protected":false},"excerpt":{"rendered":"<p><strong>Handgefertigte Messer.<\/strong> Leichte Gr\u00f6\u00dfenunterschiede sind m\u00f6glich, aber im Gegenzug wird sorgf\u00e4ltig auf die Details geachtet.<\/p>\n<ul>\n<li>Gewicht: 120 g<\/li>\n<li>Gesamtl\u00e4nge: 23,1 cm<\/li>\n<\/ul>\n<p><strong>Klinge<\/strong><\/p>\n<ul>\n<li>Stahl: Uddeholm Elmax SuperClean<\/li>\n<li>Klingenl\u00e4nge: 11,5 cm<\/li>\n<li>Klingenschleifen: Konvex<\/li>\n<li>Klingenprofiltyp: Abwurfpunkt<\/li>\n<li>Rockwell-H\u00e4rte: 61\u201362 HRC<\/li>\n<li>Kantentyp: Schlicht<\/li>\n<li>Klingenfinish: Satin-Finish<\/li>\n<li>Klingenbreite: 2,6 cm<\/li>\n<li>Wirbels\u00e4ulendicke: 2,4 mm<\/li>\n<\/ul>\n<p><strong>Griff<\/strong><\/p>\n<ul>\n<li>Material: Micarta<\/li>\n<li>Farbe: Kojoten-Griff<\/li>\n<li>Lafettentyp: Full Tang<\/li>\n<li>Zus\u00e4tzliche Behandlung: 3D-Textur<\/li>\n<li>Dicke: 2,5 cm<\/li>\n<li>Breite: 2,7 cm<\/li>\n<\/ul>\n","protected":false},"featured_media":42259,"comment_status":"open","ping_status":"closed","template":"","meta":{"_acf_changed":false,"_seopress_robots_primary_cat":"none","_seopress_titles_title":"","_seopress_titles_desc":"","_seopress_robots_index":"","iawp_total_views":0},"product_brand":[],"product_cat":[1242],"product_tag":[],"class_list":{"0":"post-60216","1":"product","2":"type-product","3":"status-publish","4":"has-post-thumbnail","6":"product_cat-messer","7":"pa_brand-southern-cross","9":"first","10":"outofstock","11":"sale","12":"taxable","13":"shipping-taxable","14":"purchasable","15":"product-type-simple"},"acf":[],"_links":{"self":[{"href":"https:\/\/25000miles.eu\/de\/wp-json\/wp\/v2\/product\/60216","targetHints":{"allow":["GET"]}}],"collection":[{"href":"https:\/\/25000miles.eu\/de\/wp-json\/wp\/v2\/product"}],"about":[{"href":"https:\/\/25000miles.eu\/de\/wp-json\/wp\/v2\/types\/product"}],"replies":[{"embeddable":true,"href":"https:\/\/25000miles.eu\/de\/wp-json\/wp\/v2\/comments?post=60216"}],"wp:featuredmedia":[{"embeddable":true,"href":"https:\/\/25000miles.eu\/de\/wp-json\/wp\/v2\/media\/42259"}],"wp:attachment":[{"href":"https:\/\/25000miles.eu\/de\/wp-json\/wp\/v2\/media?parent=60216"}],"wp:term":[{"taxonomy":"product_brand","embeddable":true,"href":"https:\/\/25000miles.eu\/de\/wp-json\/wp\/v2\/product_brand?post=60216"},{"taxonomy":"product_cat","embeddable":true,"href":"https:\/\/25000miles.eu\/de\/wp-json\/wp\/v2\/product_cat?post=60216"},{"taxonomy":"product_tag","embeddable":true,"href":"https:\/\/25000miles.eu\/de\/wp-json\/wp\/v2\/product_tag?post=60216"}],"curies":[{"name":"wp","href":"https:\/\/api.w.org\/{rel}","templated":true}]}}